{"id":1473,"date":"2019-11-06T17:40:07","date_gmt":"2019-11-06T17:40:07","guid":{"rendered":"https:\/\/www.test.suredyna.com\/donnees-personnelles-et-cookies\/"},"modified":"2019-11-15T17:39:48","modified_gmt":"2019-11-15T17:39:48","slug":"donnees-personnelles-et-cookies","status":"publish","type":"page","link":"https:\/\/www.test.suredyna.com\/fr\/donnees-personnelles-et-cookies\/","title":{"rendered":"Donn\u00e9es personnelles et cookies"},"content":{"rendered":"<p>La pr\u00e9sente politique de donn\u00e9es personnelles et cookies d\u00e9finit et vous informe de la mani\u00e8re dont la\u00a0soci\u00e9t\u00e9\u00a0<b>SUREDYNA <\/b>et son pr\u00e9sident-fondateur Francis ROY, utilisent et prot\u00e8gent les informations que vous nous transmettez, le cas \u00e9ch\u00e9ant, lorsque vous utilisez le\u00a0 site https:\/\/www.test.suredyna.com\/\u00a0 (ci-apr\u00e8s le \u00ab Site \u00bb).<\/p>\n<p>La soci\u00e9t\u00e9 <b>SUREDYNA<\/b><b>\u00a0<\/b>est engag\u00e9e dans une d\u00e9marche continue de conformit\u00e9\u00a0au\u00a0<a href=\"https:\/\/www.cnil.fr\/fr\/reglement-europeen-protection-donnees\" target=\"_blank\" rel=\"noopener noreferrer\">R\u00e8glement europ\u00e9en 2016\/679 (le RGPD).<\/a><\/p>\n<hr \/>\n<h2>Politique de protection des donn\u00e9es personnelles<\/h2>\n<h3>Quelles donn\u00e9es collectons-nous et dans quel but ?<\/h3>\n<p>Nous collectons des donn\u00e9es personnelles\u00a0 :<\/p>\n<p><strong>Quand vous d\u00e9posez un\u00a0commentaire\u00a0sur un de nos articles<\/strong>\u00a0: Nous collectons vos nom et pr\u00e9nom, email, site web, texte du commentaire, mais aussi votre adresse IP et l\u2019agent utilisateur de votre navigateur sont collect\u00e9s pour nous aider \u00e0 la d\u00e9tection des commentaires ind\u00e9sirables. Une cha\u00eene anonymis\u00e9e cr\u00e9\u00e9e \u00e0 partir de votre adresse de messagerie (\u00e9galement appel\u00e9e hash) peut \u00eatre envoy\u00e9e au service\u00a0<a href=\"https:\/\/automattic.com\/privacy\/\">Gravatar<\/a>\u00a0pour v\u00e9rifier si vous utilisez ce dernier.\u00a0 Apr\u00e8s validation de votre commentaire, votre photo de profil sera visible publiquement \u00e0 c\u00f4t\u00e9 de votre commentaire.<\/p>\n<p><strong>Quand vous renseignez un formulaire afin de\u00a0recevoir un document gratuit et vous abonner \u00e0 nos actualit\u00e9s :<\/strong>\u00a0Nous recueillons vos nom, pr\u00e9nom, email.\u00a0<span class=\"\">Ceci vous permet de recevoir des articles, vid\u00e9os, offres commerciales, podcasts et autres conseils\u00a0<strong><em>dans le domaine de l\u2019innovation<\/em><\/strong>. Nous tra\u00e7ons votre comportement par rapport \u00e0 nos messages (re\u00e7us, ouverts\u2026). Ceci nous permet de mesurer la qualit\u00e9 et l\u2019efficacit\u00e9 de nos campagnes.<\/span><\/p>\n<p><strong>Quand vous nous contactez via notre\u00a0formulaire\u00a0de contact :<\/strong>\u00a0Nous collectons vos nom et pr\u00e9nom, t\u00e9l\u00e9phone, adresse mail, sujet et texte du message. Ces donn\u00e9es sont utilis\u00e9es uniquement pour r\u00e9pondre \u00e0 votre demande.<\/p>\n<p><strong>Quand nous publions le t\u00e9moignage d\u2019un client :<\/strong>\u00a0Nous collectons nom et pr\u00e9nom, entreprise, fonctions, date et texte du t\u00e9moignage.<\/p>\n<p><strong>Quand vous vous connectez au Site :<\/strong>\u00a0Nous conservons un journal des connexions qui nous sert \u00e0 d\u00e9tecter des connexions potentiellement malveillantes.<\/p>\n<h3>A qui communiquons-nous vos donn\u00e9es personnelles ?<\/h3>\n<p>Tout comme vous, nous ha\u00efssons les spams, et nous respectons votre vie priv\u00e9e. Vos donn\u00e9es personnelles sont communiqu\u00e9es uniquement aux collaborateurs\u00a0 de\u00a0<b>SUREDYNA <\/b>et aux sous-traitants techniques contribuant \u00e0 l\u2019exploitation du Site, \u00e0 l\u2019exception de :<\/p>\n<ul>\n<li>Commentaires sur les articles : ces donn\u00e9es sont publiques et consultables par tout visiteur, sauf votre email.<\/li>\n<li>T\u00e9moignages :\u00a0ces donn\u00e9es sont publiques et consultables par tout visiteur.<\/li>\n<\/ul>\n<p>Votre adresse email et vos donn\u00e9es personnelles ne seront jamais vendues ni partag\u00e9es avec qui que ce soit.<\/p>\n<h3>Combien de temps conservons-nous vos donn\u00e9es ?<\/h3>\n<ul>\n<li>Commentaires : Le commentaire et ses m\u00e9tadonn\u00e9es sont conserv\u00e9s ind\u00e9finiment. Cela permet de reconna\u00eetre et approuver automatiquement les commentaires suivants au lieu de les laisser dans la file de mod\u00e9ration. Vous pouvez \u00e0 tout instant nous demander de supprimer tout ou partie de vos commentaires.<\/li>\n<li>Abonnement au blog : Aussi longtemps que vous le souhaitez. Vous pouvez vous d\u00e9sabonner \u00e0 tout instant.<\/li>\n<li>Demandes de contact : 6 mois apr\u00e8s le traitement de votre demande si celle-ci n\u2019a pas d\u00e9bouch\u00e9 sur une collaboration.<\/li>\n<li>T\u00e9moignages : Les t\u00e9moignages sont conserv\u00e9s en ligne aussi longtemps que nous les jugeons pertinents. L\u2019auteur du t\u00e9moignage peut nous demander \u00e0 tout instant de le retirer.<\/li>\n<li>Tra\u00e7age pour mesures d\u2019audience (IP anonymis\u00e9e) : 14 mois.<\/li>\n<li>Journal des connexions pour nos outils de s\u00e9curit\u00e9 : 3 mois maximum.<\/li>\n<\/ul>\n<h3>Comment faire valoir mes droits sur mes donn\u00e9es ?<\/h3>\n<p>Vous pouvez exercer vos\u00a0<a href=\"https:\/\/www.cnil.fr\/fr\/reglement-europeen-protection-donnees\/chapitre3\" target=\"_blank\" rel=\"noopener noreferrer\">droits pr\u00e9vus par le RGPD<\/a> en \u00e9crivant \u00e0\u00a0: <b>SUREDYNA<\/b>, 7 rue Sylvine Candas, 92120 Montrouge, en joignant \u00e0 votre demande une copie de votre pi\u00e8ce d\u2019identit\u00e9.<\/p>\n<p>Si vous avez laiss\u00e9 des commentaires sur le Site, vous pouvez demander \u00e0 recevoir un fichier contenant toutes les donn\u00e9es personnelles que nous poss\u00e9dons \u00e0 votre sujet, incluant celles que vous nous avez fournies. Vous pouvez \u00e9galement demander la suppression des donn\u00e9es personnelles vous concernant. Cela ne prend pas en compte les donn\u00e9es stock\u00e9es \u00e0 des fins administratives, l\u00e9gales ou pour des raisons de s\u00e9curit\u00e9.<\/p>\n<h3>Dans quels pays sont stock\u00e9es mes donn\u00e9es ?<\/h3>\n<p><b>SUREDYNA <\/b>s\u2019est assur\u00e9 que vos donn\u00e9es personnelles sont stock\u00e9es\u00a0 :<\/p>\n<ul>\n<li>soit dans un pays membre de l\u2019Union Europ\u00e9enne ou un pays consid\u00e9r\u00e9 ad\u00e9quat,<\/li>\n<li>soit aux Etats-Unis, via un prestataire adh\u00e9rant au m\u00e9canisme\u00a0<a href=\"https:\/\/www.privacyshield.gov\/welcome\" target=\"_blank\" rel=\"noopener noreferrer\">Privacy Shield.<\/a><\/li>\n<\/ul>\n<h3>Comment s\u00e9curisez-vous mes donn\u00e9es ?<\/h3>\n<p><b>SUREDYNA <\/b>et ses prestataires techniques accordent une importance primordiale \u00e0 la protection de vos donn\u00e9es personnelles.<\/p>\n<p>Le Site utilise la technologie SSL (Secure Sockets Layer Software) qui crypte les informations que vous entrez avant qu\u2019elles ne nous soient envoy\u00e9es. Nous avons mis en place des mesures de s\u00e9curit\u00e9 \u00e9lectroniques et organisationnelles en rapport avec la collecte, la conservation et la communication de vos donn\u00e9es.<\/p>\n<h3>Contenu embarqu\u00e9 depuis d\u2019autres sites<\/h3>\n<p>Les articles du Site peuvent inclure des contenus int\u00e9gr\u00e9s (par exemple des vid\u00e9os, images, articles\u2026). Le contenu int\u00e9gr\u00e9 depuis d\u2019autres sites se comporte de la m\u00eame mani\u00e8re que si le visiteur se rendait sur cet autre site.<\/p>\n<p id=\"cookies\">Ces sites web pourraient collecter des donn\u00e9es sur vous, utiliser des cookies, embarquer des outils de suivis tiers, suivre vos interactions avec ces contenus embarqu\u00e9s si vous disposez d\u2019un compte connect\u00e9 sur leur site web.<\/p>\n<hr \/>\n<h2>Politique de cookies<\/h2>\n<h3>Qu\u2019est-ce qu\u2019un cookie\u00a0?<\/h3>\n<p>Un cookie est un petit fichier texte d\u00e9pos\u00e9 et conserv\u00e9 sur le disque dur de l\u2019internaute, sous r\u00e9serve de ses choix, par le serveur du site visit\u00e9 ou par un serveur tiers (outil de web analytique, r\u00e9seau social\u2026).\u00a0 Un cookie permet donc de reconna\u00eetre le terminal de l\u2019utilisateur lorsqu\u2019il revient sur un site web. Les cookies permettent de vous offrir une exp\u00e9rience utilisateur pertinente et coh\u00e9rente.<\/p>\n<h3>Quels types de cookies sont d\u00e9pos\u00e9s sur le Site<\/h3>\n<p><strong>Cookies strictement n\u00e9cessaires :<\/strong>\u00a0Ils permettent d\u2019ex\u00e9cuter les fonctions de base du Site. Vous pouvez vous y opposer et les supprimer en utilisant les param\u00e8tres de votre navigateur, cependant votre exp\u00e9rience utilisateur risque d\u2019\u00eatre d\u00e9grad\u00e9e.<\/p>\n<p><strong>Cookies fonctionnels :<\/strong>\u00a0Ils permettent de personnaliser votre exp\u00e9rience sur notre plateforme en m\u00e9morisant vos pr\u00e9f\u00e9rences (par exemple le contenu de votre panier, votre nom et email pour un prochain commentaire), et de pr\u00e9venir des risques pouvant affecter la s\u00e9curit\u00e9 du Site.<\/p>\n<p>Notamment, si vous d\u00e9posez un commentaire sur le Site, il vous sera propos\u00e9 d\u2019enregistrer votre nom, adresse de messagerie et site web dans des cookies. C\u2019est uniquement pour votre confort afin de ne pas avoir \u00e0 saisir ces informations si vous d\u00e9posez un autre commentaire plus tard. Ces cookies expirent au bout d\u2019un an.<\/p>\n<p><strong>Cookies de mesure d\u2019audience :<\/strong>\u00a0Ils nous permettent de mesurer l\u2019activit\u00e9 des visiteurs sur le Site : nombre de visites, pages vues, origine du trafic, fr\u00e9quence de retour\u2026 Les donn\u00e9es conserv\u00e9es par ces cookies ne comprennent jamais les d\u00e9tails des donn\u00e9es personnelles \u00e0 partir desquelles votre identit\u00e9 peut \u00eatre \u00e9tablie. Votre <strong>adresse IP<\/strong> est <strong>anonymis\u00e9e<\/strong>.<br \/>\nNous utilisons les services de Google Analytics :\u00a0<a href=\"https:\/\/support.google.com\/analytics\/topic\/2919631?hl=fr&amp;ref_topic=1008008\" target=\"_blank\" rel=\"noopener noreferrer\">Politique de protection des donn\u00e9es de Google Analytics<\/a><\/p>\n<p><strong>Cookies de services tiers :<\/strong> Pour enrichir le service que nous vous proposons, nous pouvons imbriquer des applications et de services tiers tels que les r\u00e9seaux sociaux (Facebook, Twitter, LinkedIn\u2026) et les services de vid\u00e9os (Youtube, Vimeo\u2026).\u00a0 Ces plates-formes sont susceptibles de vous identifier gr\u00e2ce \u00e0 leurs boutons et \u00e0 leurs propres cookies, m\u00eame si vous ne les avez pas utilis\u00e9s lors de votre consultation du Site, du seul fait que vous disposez d\u2019un compte ouvert sur votre terminal aupr\u00e8s de la plate-forme concern\u00e9e. Nous n\u2019avons aucun contr\u00f4le sur le processus employ\u00e9 par ces plates-formes pour collecter ces informations et vous invitons \u00e0 consulter les politiques de confidentialit\u00e9 de ces derniers.<\/p>\n<p>Le Site ne d\u00e9pose\u00a0<strong>aucun cookie de ciblage publicitaire.<\/strong><\/p>\n<h3>Comment refuser ou supprimer des cookies ?<\/h3>\n<p><strong>Vous pouvez g\u00e9rer tr\u00e8s finement les cookies via les r\u00e9glages de votre navigateur<\/strong>\u00a0(modes d\u2019emploi :\u00a0<a href=\"http:\/\/support.google.com\/chrome\/bin\/answer.py?hl=fr&amp;hlrm=en&amp;answer=95647\" target=\"_blank\" rel=\"noopener noreferrer\">Chrome<\/a>\u00a0\u2013\u00a0<a href=\"http:\/\/support.mozilla.org\/fr\/kb\/Activer%20et%20d%C3%A9sactiver%20les%20cookies\" target=\"_blank\" rel=\"noopener noreferrer\">Firefox<\/a>\u00a0\u2013\u00a0<a href=\"http:\/\/windows.microsoft.com\/fr-FR\/windows-vista\/Block-or-allow-cookies\" target=\"_blank\" rel=\"noopener noreferrer\">Internet Explorer<\/a>\u00a0\u2013\u00a0<a href=\"http:\/\/help.opera.com\/Windows\/10.20\/fr\/cookies.html\" target=\"_blank\" rel=\"noopener noreferrer\">Opera<\/a>\u00a0\u2013\u00a0<a href=\"https:\/\/support.apple.com\/fr-fr\/guide\/safari\/sfri11471\/mac\" target=\"_blank\" rel=\"noopener noreferrer\">Safari Mac<\/a>\u00a0\u2013\u00a0<a href=\"https:\/\/support.apple.com\/fr-fr\/HT201265\" target=\"_blank\" rel=\"noopener noreferrer\">Safari mobile<\/a>)<\/p>\n<ul>\n<li>refuser globalement le d\u00e9p\u00f4t de cookies,<\/li>\n<li>interdire \u00e0 un site de d\u00e9poser des cookies,<\/li>\n<li>bloquer le d\u00e9p\u00f4t de cookies des services tiers,<\/li>\n<li>supprimer automatiquement les cookies \u00e0 la fin d\u2019une session,<\/li>\n<li>supprimer a posteriori les cookies d\u00e9pos\u00e9s par un ou plusieurs sites.<\/li>\n<\/ul>\n<p>A lire \u00e9galement sur le\u00a0<strong>site de la CNIL<\/strong>\u00a0:\u00a0<a href=\"https:\/\/www.cnil.fr\/fr\/cookies-les-outils-pour-les-maitriser\" target=\"_blank\" rel=\"noopener noreferrer\">En savoir plus sur les cookies, leur fonctionnement et les moyens de s\u2019y opposer<\/a><\/p>\n<p>Attention, supprimer les cookies peut d\u00e9grader le fonctionnement de tout ou partie des fonctionnalit\u00e9s des sites !<\/p>\n","protected":false},"excerpt":{"rendered":"<p>La pr\u00e9sente politique de donn\u00e9es personnelles et cookies d\u00e9finit et vous informe de la mani\u00e8re dont la\u00a0soci\u00e9t\u00e9\u00a0SUREDYNA et son pr\u00e9sident-fondateur Francis ROY, utilisent et prot\u00e8gent les informations que vous nous transmettez, le cas \u00e9ch\u00e9ant, lorsque vous utilisez le\u00a0 site https:\/\/www.test.suredyna.com\/\u00a0 (ci-apr\u00e8s le \u00ab Site \u00bb). La soci\u00e9t\u00e9 SUREDYNA\u00a0est engag\u00e9e dans une d\u00e9marche continue de conformit\u00e9\u00a0au\u00a0R\u00e8glement [&hellip;]<\/p>\n","protected":false},"author":1,"featured_media":0,"parent":0,"menu_order":0,"comment_status":"closed","ping_status":"closed","template":"","meta":{"jetpack_post_was_ever_published":false,"footnotes":""},"class_list":["post-1473","page","type-page","status-publish","hentry"],"yoast_head":"<!-- This site is optimized with the Yoast SEO plugin v27.4 - https:\/\/yoast.com\/product\/yoast-seo-wordpress\/ -->\n<title>Donn\u00e9es personnelles et cookies - SureDyna<\/title>\n<meta name=\"description\" content=\"La pr\u00e9sente politique de donn\u00e9es personnelles et cookies d\u00e9finit et vous informe de la mani\u00e8re dont la\u00a0soci\u00e9t\u00e9\u00a0SUREDYNA et son pr\u00e9sident-fondateur Francis\" \/>\n<meta name=\"robots\" content=\"noindex, follow, max-snippet:-1, max-image-preview:large, max-video-preview:-1\" \/>\n<meta property=\"og:locale\" content=\"fr_FR\" \/>\n<meta property=\"og:type\" content=\"article\" \/>\n<meta property=\"og:title\" content=\"Donn\u00e9es personnelles et cookies - SureDyna\" \/>\n<meta property=\"og:description\" content=\"La pr\u00e9sente politique de donn\u00e9es personnelles et cookies d\u00e9finit et vous informe de la mani\u00e8re dont la\u00a0soci\u00e9t\u00e9\u00a0SUREDYNA et son pr\u00e9sident-fondateur Francis\" \/>\n<meta property=\"og:url\" content=\"https:\/\/www.test.suredyna.com\/fr\/donnees-personnelles-et-cookies\/\" \/>\n<meta property=\"og:site_name\" content=\"SureDyna\" \/>\n<meta property=\"article:modified_time\" content=\"2019-11-15T17:39:48+00:00\" \/>\n<meta name=\"twitter:card\" content=\"summary_large_image\" \/>\n<meta name=\"twitter:label1\" content=\"Dur\u00e9e de lecture estim\u00e9e\" \/>\n\t<meta name=\"twitter:data1\" content=\"7 minutes\" \/>\n<script type=\"application\/ld+json\" class=\"yoast-schema-graph\">{\"@context\":\"https:\\\/\\\/schema.org\",\"@graph\":[{\"@type\":\"WebPage\",\"@id\":\"https:\\\/\\\/www.test.suredyna.com\\\/fr\\\/donnees-personnelles-et-cookies\\\/\",\"url\":\"https:\\\/\\\/www.test.suredyna.com\\\/fr\\\/donnees-personnelles-et-cookies\\\/\",\"name\":\"Donn\u00e9es personnelles et cookies - SureDyna\",\"isPartOf\":{\"@id\":\"https:\\\/\\\/www.test.suredyna.com\\\/fr\\\/#website\"},\"datePublished\":\"2019-11-06T17:40:07+00:00\",\"dateModified\":\"2019-11-15T17:39:48+00:00\",\"description\":\"La pr\u00e9sente politique de donn\u00e9es personnelles et cookies d\u00e9finit et vous informe de la mani\u00e8re dont la\u00a0soci\u00e9t\u00e9\u00a0SUREDYNA et son pr\u00e9sident-fondateur Francis\",\"breadcrumb\":{\"@id\":\"https:\\\/\\\/www.test.suredyna.com\\\/fr\\\/donnees-personnelles-et-cookies\\\/#breadcrumb\"},\"inLanguage\":\"fr-FR\",\"potentialAction\":[{\"@type\":\"ReadAction\",\"target\":[\"https:\\\/\\\/www.test.suredyna.com\\\/fr\\\/donnees-personnelles-et-cookies\\\/\"]}]},{\"@type\":\"BreadcrumbList\",\"@id\":\"https:\\\/\\\/www.test.suredyna.com\\\/fr\\\/donnees-personnelles-et-cookies\\\/#breadcrumb\",\"itemListElement\":[{\"@type\":\"ListItem\",\"position\":1,\"name\":\"Accueil\",\"item\":\"https:\\\/\\\/www.test.suredyna.com\\\/fr\\\/accueil\\\/\"},{\"@type\":\"ListItem\",\"position\":2,\"name\":\"Donn\u00e9es personnelles et cookies\"}]},{\"@type\":\"WebSite\",\"@id\":\"https:\\\/\\\/www.test.suredyna.com\\\/fr\\\/#website\",\"url\":\"https:\\\/\\\/www.test.suredyna.com\\\/fr\\\/\",\"name\":\"SureDyna\",\"description\":\"La dynamique de s\u00fbret\u00e9\",\"potentialAction\":[{\"@type\":\"SearchAction\",\"target\":{\"@type\":\"EntryPoint\",\"urlTemplate\":\"https:\\\/\\\/www.test.suredyna.com\\\/fr\\\/?s={search_term_string}\"},\"query-input\":{\"@type\":\"PropertyValueSpecification\",\"valueRequired\":true,\"valueName\":\"search_term_string\"}}],\"inLanguage\":\"fr-FR\"}]}<\/script>\n<!-- \/ Yoast SEO plugin. -->","yoast_head_json":{"title":"Donn\u00e9es personnelles et cookies - SureDyna","description":"La pr\u00e9sente politique de donn\u00e9es personnelles et cookies d\u00e9finit et vous informe de la mani\u00e8re dont la\u00a0soci\u00e9t\u00e9\u00a0SUREDYNA et son pr\u00e9sident-fondateur Francis","robots":{"index":"noindex","follow":"follow","max-snippet":"max-snippet:-1","max-image-preview":"max-image-preview:large","max-video-preview":"max-video-preview:-1"},"og_locale":"fr_FR","og_type":"article","og_title":"Donn\u00e9es personnelles et cookies - SureDyna","og_description":"La pr\u00e9sente politique de donn\u00e9es personnelles et cookies d\u00e9finit et vous informe de la mani\u00e8re dont la\u00a0soci\u00e9t\u00e9\u00a0SUREDYNA et son pr\u00e9sident-fondateur Francis","og_url":"https:\/\/www.test.suredyna.com\/fr\/donnees-personnelles-et-cookies\/","og_site_name":"SureDyna","article_modified_time":"2019-11-15T17:39:48+00:00","twitter_card":"summary_large_image","twitter_misc":{"Dur\u00e9e de lecture estim\u00e9e":"7 minutes"},"schema":{"@context":"https:\/\/schema.org","@graph":[{"@type":"WebPage","@id":"https:\/\/www.test.suredyna.com\/fr\/donnees-personnelles-et-cookies\/","url":"https:\/\/www.test.suredyna.com\/fr\/donnees-personnelles-et-cookies\/","name":"Donn\u00e9es personnelles et cookies - SureDyna","isPartOf":{"@id":"https:\/\/www.test.suredyna.com\/fr\/#website"},"datePublished":"2019-11-06T17:40:07+00:00","dateModified":"2019-11-15T17:39:48+00:00","description":"La pr\u00e9sente politique de donn\u00e9es personnelles et cookies d\u00e9finit et vous informe de la mani\u00e8re dont la\u00a0soci\u00e9t\u00e9\u00a0SUREDYNA et son pr\u00e9sident-fondateur Francis","breadcrumb":{"@id":"https:\/\/www.test.suredyna.com\/fr\/donnees-personnelles-et-cookies\/#breadcrumb"},"inLanguage":"fr-FR","potentialAction":[{"@type":"ReadAction","target":["https:\/\/www.test.suredyna.com\/fr\/donnees-personnelles-et-cookies\/"]}]},{"@type":"BreadcrumbList","@id":"https:\/\/www.test.suredyna.com\/fr\/donnees-personnelles-et-cookies\/#breadcrumb","itemListElement":[{"@type":"ListItem","position":1,"name":"Accueil","item":"https:\/\/www.test.suredyna.com\/fr\/accueil\/"},{"@type":"ListItem","position":2,"name":"Donn\u00e9es personnelles et cookies"}]},{"@type":"WebSite","@id":"https:\/\/www.test.suredyna.com\/fr\/#website","url":"https:\/\/www.test.suredyna.com\/fr\/","name":"SureDyna","description":"La dynamique de s\u00fbret\u00e9","potentialAction":[{"@type":"SearchAction","target":{"@type":"EntryPoint","urlTemplate":"https:\/\/www.test.suredyna.com\/fr\/?s={search_term_string}"},"query-input":{"@type":"PropertyValueSpecification","valueRequired":true,"valueName":"search_term_string"}}],"inLanguage":"fr-FR"}]}},"jetpack_shortlink":"https:\/\/wp.me\/P9gimB-nL","jetpack_sharing_enabled":true,"_links":{"self":[{"href":"https:\/\/www.test.suredyna.com\/fr\/wp-json\/wp\/v2\/pages\/1473","targetHints":{"allow":["GET"]}}],"collection":[{"href":"https:\/\/www.test.suredyna.com\/fr\/wp-json\/wp\/v2\/pages"}],"about":[{"href":"https:\/\/www.test.suredyna.com\/fr\/wp-json\/wp\/v2\/types\/page"}],"author":[{"embeddable":true,"href":"https:\/\/www.test.suredyna.com\/fr\/wp-json\/wp\/v2\/users\/1"}],"replies":[{"embeddable":true,"href":"https:\/\/www.test.suredyna.com\/fr\/wp-json\/wp\/v2\/comments?post=1473"}],"version-history":[{"count":0,"href":"https:\/\/www.test.suredyna.com\/fr\/wp-json\/wp\/v2\/pages\/1473\/revisions"}],"wp:attachment":[{"href":"https:\/\/www.test.suredyna.com\/fr\/wp-json\/wp\/v2\/media?parent=1473"}],"curies":[{"name":"wp","href":"https:\/\/api.w.org\/{rel}","templated":true}]}}