{"id":29,"date":"2017-08-29T14:36:44","date_gmt":"2017-08-29T14:36:44","guid":{"rendered":"https:\/\/tst2.berangereaudebert.fr\/?page_id=29"},"modified":"2024-01-15T16:06:09","modified_gmt":"2024-01-15T14:06:09","slug":"informations-legales","status":"publish","type":"page","link":"https:\/\/www.test.suredyna.com\/fr\/informations-legales\/","title":{"rendered":"Informations l\u00e9gales"},"content":{"rendered":"<div id='av_section_1'  class='avia-section av-6ir99-841ba43ea59d7899df411102d5264c54 main_color avia-section-small avia-no-shadow  avia-builder-el-0  el_before_av_section  avia-builder-el-first  avia-bg-style-scroll container_wrap sidebar_right'  ><div class='container av-section-cont-open' ><main  role=\"main\" itemprop=\"mainContentOfPage\"  class='template-page content  av-content-small alpha units'><div class='post-entry post-entry-type-page post-entry-29'><div class='entry-content-wrapper clearfix'>\n\n<style type=\"text\/css\" data-created_by=\"avia_inline_auto\" id=\"style-css-av-l5ip-860bc360009ab9bb741ba38c2dd896e5\">\n.flex_column.av-l5ip-860bc360009ab9bb741ba38c2dd896e5{\nborder-radius:0px 0px 0px 0px;\npadding:0px 0px 0px 0px;\n}\n<\/style>\n<div  class='flex_column av-l5ip-860bc360009ab9bb741ba38c2dd896e5 av_two_third  avia-builder-el-1  el_before_av_one_third  avia-builder-el-first  first flex_column_div av-zero-column-padding  '     ><section  class='av_textblock_section av-4ydux-60a9e4ef5b9ed7965e16519e342c16d9 '   itemscope=\"itemscope\" itemtype=\"https:\/\/schema.org\/CreativeWork\" ><div class='avia_textblock'  itemprop=\"text\" ><h2>Propri\u00e9taire du site<\/h2>\n<p>SureDyna, \u00a0soci\u00e9t\u00e9 par actions simplifi\u00e9e (SAS) \u00e0 associ\u00e9 unique avec un capital de 8000 euros<br \/>\nImmatricul\u00e9e le 24 mai 2012 au RCS de Nanterre sous le n\u00b0 SIRET : 75159163700010<br \/>\nNum\u00e9ro de TVA intracommunautaire : FR 29 751591637<br \/>\nNAF : 7112B (ing\u00e9nierie, \u00e9tudes techniques)<\/p>\n<p>Directeur de la publication : Francis ROY<\/p>\n<\/div><\/section><\/div>\n<style type=\"text\/css\" data-created_by=\"avia_inline_auto\" id=\"style-css-av-4k5l9-56e1ae5717c2e7e70277afd4ae6150d3\">\n.flex_column.av-4k5l9-56e1ae5717c2e7e70277afd4ae6150d3{\nborder-radius:0px 0px 0px 0px;\npadding:0px 0px 0px 0px;\n}\n<\/style>\n<div  class='flex_column av-4k5l9-56e1ae5717c2e7e70277afd4ae6150d3 av_one_third  avia-builder-el-3  el_after_av_two_third  el_before_av_one_full  flex_column_div av-zero-column-padding  '     ><section  class='av_textblock_section av-3ncyh-2214fc75890c44a2253889ab46c38eff '   itemscope=\"itemscope\" itemtype=\"https:\/\/schema.org\/CreativeWork\" ><div class='avia_textblock'  itemprop=\"text\" ><h2>H\u00e9bergement<\/h2>\n<p>O2switch<br \/>\n222 Boulevard Gustave Flaubert<br \/>\n63000 Clermont-Ferrand<br \/>\nT\u00e9l : 04.44.44.60.40<\/p>\n<\/div><\/section><\/div>\n<style type=\"text\/css\" data-created_by=\"avia_inline_auto\" id=\"style-css-av-3b5ap-5cc07029b4a5e0600121b167cf05e248\">\n.flex_column.av-3b5ap-5cc07029b4a5e0600121b167cf05e248{\nborder-radius:0px 0px 0px 0px;\npadding:0px 0px 0px 0px;\n}\n<\/style>\n<div  class='flex_column av-3b5ap-5cc07029b4a5e0600121b167cf05e248 av_one_full  avia-builder-el-5  el_after_av_one_third  avia-builder-el-last  first flex_column_div av-zero-column-padding  column-top-margin'     ><section  class='av_textblock_section av-2ldip-554decbf8747d25ca978fbd6bee3b1bc '   itemscope=\"itemscope\" itemtype=\"https:\/\/schema.org\/CreativeWork\" ><div class='avia_textblock'  itemprop=\"text\" ><h2>Contrefa\u00e7on<\/h2>\n<p>Toute reproduction ou repr\u00e9sentation, en tout ou partie, \u00e0 d\u2019autres fins sur un quelconque support est interdite. Le non-respect de cette interdiction constitue une contrefa\u00e7on pouvant engager la responsabilit\u00e9 civile et p\u00e9nale du contrefacteur. Les informations contenues dans ce service sont non contractuelles et sujettes \u00e0 modification sans pr\u00e9avis.<\/p>\n<h2>Cr\u00e9dits<\/h2>\n<p>Conception et r\u00e9alisation : \u00a0<a href=\"http:\/\/orgaphenix.com\/\">Orgaphenix<\/a>\u00a0et\u00a0<a href=\"https:\/\/www.linkedin.com\/in\/berangereaudebert\/\">B\u00e9rang\u00e8re Audebert<\/a><br \/>\nPhotos : <a href=\"https:\/\/fr.fotolia.com\/\">Fotolia<\/a><br \/>\nIc\u00f4nes r\u00e9alis\u00e9es par\u00a0<a title=\"Freepik\" href=\"http:\/\/www.freepik.com\">Freepik<\/a> sur le site\u00a0<a title=\"Flaticon\" href=\"https:\/\/www.flaticon.com\/\">www.flaticon.com<\/a>\u00a0\/ licence\u00a0<a title=\"Creative Commons BY 3.0\" href=\"http:\/\/creativecommons.org\/licenses\/by\/3.0\/\" target=\"_blank\" rel=\"noopener\">CC 3.0 BY<\/a><\/p>\n<\/div><\/section><\/div><\/div><\/div><\/main><!-- close content main element --><\/div><\/div><div id='cookies'  class='avia-section av-2d0o5-11a63d5927980ba84c1e9103ee977d36 main_color avia-section-small avia-no-border-styling  avia-builder-el-7  el_after_av_section  avia-builder-el-last  avia-bg-style-scroll container_wrap sidebar_right'  ><div class='container av-section-cont-open' ><div class='template-page content  av-content-small alpha units'><div class='post-entry post-entry-type-page post-entry-29'><div class='entry-content-wrapper clearfix'>\n\n<style type=\"text\/css\" data-created_by=\"avia_inline_auto\" id=\"style-css-av-1qokx-a361d471792f21f4e39555330e9eae0f\">\n.flex_column.av-1qokx-a361d471792f21f4e39555330e9eae0f{\nborder-radius:0px 0px 0px 0px;\npadding:0px 0px 0px 0px;\n}\n<\/style>\n<div  class='flex_column av-1qokx-a361d471792f21f4e39555330e9eae0f av_one_full  avia-builder-el-8  avia-builder-el-no-sibling  first flex_column_div av-zero-column-padding  '     ><section  class='av_textblock_section av-13gs1-2d88609d8da0ce89e731390362597035 '   itemscope=\"itemscope\" itemtype=\"https:\/\/schema.org\/CreativeWork\" ><div class='avia_textblock'  itemprop=\"text\" ><h2>Donn\u00e9es personnelles et cookies<\/h2>\n<p>Nous attachons une importance primordiale \u00e0 la protection de vos donn\u00e9es personnelles. Voir notre\u00a0<a href=\"https:\/\/www.test.suredyna.com\/fr\/donnees-personnelles-et-cookies\/\">politique de donn\u00e9es personnelles et cookies.<\/a><\/p>\n<\/div><\/section><\/div>\n<\/div><\/div><\/div><!-- close content main div --><\/div><\/div><div id='after_section_2'  class='main_color av_default_container_wrap container_wrap sidebar_right'  ><div class='container av-section-cont-open' ><div class='template-page content  av-content-small alpha units'><div class='post-entry post-entry-type-page post-entry-29'><div class='entry-content-wrapper clearfix'><\/p>\n","protected":false},"excerpt":{"rendered":"","protected":false},"author":2,"featured_media":0,"parent":0,"menu_order":0,"comment_status":"closed","ping_status":"closed","template":"","meta":{"jetpack_post_was_ever_published":false,"footnotes":""},"class_list":["post-29","page","type-page","status-publish","hentry"],"yoast_head":"<!-- This site is optimized with the Yoast SEO plugin v27.4 - https:\/\/yoast.com\/product\/yoast-seo-wordpress\/ -->\n<title>Informations l\u00e9gales - SureDyna<\/title>\n<meta name=\"robots\" content=\"noindex, follow, max-snippet:-1, max-image-preview:large, max-video-preview:-1\" \/>\n<meta property=\"og:locale\" content=\"fr_FR\" \/>\n<meta property=\"og:type\" content=\"article\" \/>\n<meta property=\"og:title\" content=\"Informations l\u00e9gales - SureDyna\" \/>\n<meta property=\"og:url\" content=\"https:\/\/www.test.suredyna.com\/fr\/informations-legales\/\" \/>\n<meta property=\"og:site_name\" content=\"SureDyna\" \/>\n<meta property=\"article:modified_time\" content=\"2024-01-15T14:06:09+00:00\" \/>\n<meta name=\"twitter:card\" content=\"summary_large_image\" \/>\n<meta name=\"twitter:label1\" content=\"Dur\u00e9e de lecture estim\u00e9e\" \/>\n\t<meta name=\"twitter:data1\" content=\"1 minute\" \/>\n<script type=\"application\/ld+json\" class=\"yoast-schema-graph\">{\"@context\":\"https:\\\/\\\/schema.org\",\"@graph\":[{\"@type\":\"WebPage\",\"@id\":\"https:\\\/\\\/www.test.suredyna.com\\\/fr\\\/informations-legales\\\/\",\"url\":\"https:\\\/\\\/www.test.suredyna.com\\\/fr\\\/informations-legales\\\/\",\"name\":\"Informations l\u00e9gales - SureDyna\",\"isPartOf\":{\"@id\":\"https:\\\/\\\/www.test.suredyna.com\\\/fr\\\/#website\"},\"datePublished\":\"2017-08-29T14:36:44+00:00\",\"dateModified\":\"2024-01-15T14:06:09+00:00\",\"breadcrumb\":{\"@id\":\"https:\\\/\\\/www.test.suredyna.com\\\/fr\\\/informations-legales\\\/#breadcrumb\"},\"inLanguage\":\"fr-FR\",\"potentialAction\":[{\"@type\":\"ReadAction\",\"target\":[\"https:\\\/\\\/www.test.suredyna.com\\\/fr\\\/informations-legales\\\/\"]}]},{\"@type\":\"BreadcrumbList\",\"@id\":\"https:\\\/\\\/www.test.suredyna.com\\\/fr\\\/informations-legales\\\/#breadcrumb\",\"itemListElement\":[{\"@type\":\"ListItem\",\"position\":1,\"name\":\"Accueil\",\"item\":\"https:\\\/\\\/www.test.suredyna.com\\\/fr\\\/accueil\\\/\"},{\"@type\":\"ListItem\",\"position\":2,\"name\":\"Informations l\u00e9gales\"}]},{\"@type\":\"WebSite\",\"@id\":\"https:\\\/\\\/www.test.suredyna.com\\\/fr\\\/#website\",\"url\":\"https:\\\/\\\/www.test.suredyna.com\\\/fr\\\/\",\"name\":\"SureDyna\",\"description\":\"La dynamique de s\u00fbret\u00e9\",\"potentialAction\":[{\"@type\":\"SearchAction\",\"target\":{\"@type\":\"EntryPoint\",\"urlTemplate\":\"https:\\\/\\\/www.test.suredyna.com\\\/fr\\\/?s={search_term_string}\"},\"query-input\":{\"@type\":\"PropertyValueSpecification\",\"valueRequired\":true,\"valueName\":\"search_term_string\"}}],\"inLanguage\":\"fr-FR\"}]}<\/script>\n<!-- \/ Yoast SEO plugin. -->","yoast_head_json":{"title":"Informations l\u00e9gales - SureDyna","robots":{"index":"noindex","follow":"follow","max-snippet":"max-snippet:-1","max-image-preview":"max-image-preview:large","max-video-preview":"max-video-preview:-1"},"og_locale":"fr_FR","og_type":"article","og_title":"Informations l\u00e9gales - SureDyna","og_url":"https:\/\/www.test.suredyna.com\/fr\/informations-legales\/","og_site_name":"SureDyna","article_modified_time":"2024-01-15T14:06:09+00:00","twitter_card":"summary_large_image","twitter_misc":{"Dur\u00e9e de lecture estim\u00e9e":"1 minute"},"schema":{"@context":"https:\/\/schema.org","@graph":[{"@type":"WebPage","@id":"https:\/\/www.test.suredyna.com\/fr\/informations-legales\/","url":"https:\/\/www.test.suredyna.com\/fr\/informations-legales\/","name":"Informations l\u00e9gales - SureDyna","isPartOf":{"@id":"https:\/\/www.test.suredyna.com\/fr\/#website"},"datePublished":"2017-08-29T14:36:44+00:00","dateModified":"2024-01-15T14:06:09+00:00","breadcrumb":{"@id":"https:\/\/www.test.suredyna.com\/fr\/informations-legales\/#breadcrumb"},"inLanguage":"fr-FR","potentialAction":[{"@type":"ReadAction","target":["https:\/\/www.test.suredyna.com\/fr\/informations-legales\/"]}]},{"@type":"BreadcrumbList","@id":"https:\/\/www.test.suredyna.com\/fr\/informations-legales\/#breadcrumb","itemListElement":[{"@type":"ListItem","position":1,"name":"Accueil","item":"https:\/\/www.test.suredyna.com\/fr\/accueil\/"},{"@type":"ListItem","position":2,"name":"Informations l\u00e9gales"}]},{"@type":"WebSite","@id":"https:\/\/www.test.suredyna.com\/fr\/#website","url":"https:\/\/www.test.suredyna.com\/fr\/","name":"SureDyna","description":"La dynamique de s\u00fbret\u00e9","potentialAction":[{"@type":"SearchAction","target":{"@type":"EntryPoint","urlTemplate":"https:\/\/www.test.suredyna.com\/fr\/?s={search_term_string}"},"query-input":{"@type":"PropertyValueSpecification","valueRequired":true,"valueName":"search_term_string"}}],"inLanguage":"fr-FR"}]}},"jetpack_shortlink":"https:\/\/wp.me\/P9gimB-t","jetpack_sharing_enabled":true,"_links":{"self":[{"href":"https:\/\/www.test.suredyna.com\/fr\/wp-json\/wp\/v2\/pages\/29","targetHints":{"allow":["GET"]}}],"collection":[{"href":"https:\/\/www.test.suredyna.com\/fr\/wp-json\/wp\/v2\/pages"}],"about":[{"href":"https:\/\/www.test.suredyna.com\/fr\/wp-json\/wp\/v2\/types\/page"}],"author":[{"embeddable":true,"href":"https:\/\/www.test.suredyna.com\/fr\/wp-json\/wp\/v2\/users\/2"}],"replies":[{"embeddable":true,"href":"https:\/\/www.test.suredyna.com\/fr\/wp-json\/wp\/v2\/comments?post=29"}],"version-history":[{"count":1,"href":"https:\/\/www.test.suredyna.com\/fr\/wp-json\/wp\/v2\/pages\/29\/revisions"}],"predecessor-version":[{"id":1701,"href":"https:\/\/www.test.suredyna.com\/fr\/wp-json\/wp\/v2\/pages\/29\/revisions\/1701"}],"wp:attachment":[{"href":"https:\/\/www.test.suredyna.com\/fr\/wp-json\/wp\/v2\/media?parent=29"}],"curies":[{"name":"wp","href":"https:\/\/api.w.org\/{rel}","templated":true}]}}